{"id":7729,"date":"2021-01-10T14:22:49","date_gmt":"2021-01-10T14:22:49","guid":{"rendered":"https:\/\/dg-consult.net\/?page_id=7729"},"modified":"2021-01-12T16:17:48","modified_gmt":"2021-01-12T16:17:48","slug":"impressum","status":"publish","type":"page","link":"https:\/\/dg-consult.net\/ka\/impressum\/","title":{"rendered":"\u10d2\u10d0\u10db\u10dd\u10db\u10ea\u10d4\u10db\u10d4\u10da\u10d8"},"content":{"rendered":"<p>[vc_row][vc_column][vc_column_text]DG Consult Gesellschaft f\u00fcr deutsch-georgische Zusammenarbeit mbH<\/p>\n<p>Gesch\u00e4ftsf\u00fchrerinnen:<\/p>\n<p>Ina Odermatt und Nino Nasidze<\/p>\n<p>Telefon +49 2233 3765 0<\/p>\n<p>E-Mail: info@dg-consult.net<\/p>\n<p>Webseite: www.dg-consult.net<\/p>\n<p>Heinrich-Hoerle-Str. 2, D-50354 H\u00fcrth<\/p>\n<p>Handelsregister K\u00f6ln: HRB 97691<\/p>\n<p>USt.-IdNr.: DE324641320<\/p>\n<p>Haftungshinweis:<\/p>\n<p>Trotz sorgf\u00e4ltiger inhaltlicher Kontrolle \u00fcbernehmen wir keine Haftung f\u00fcr die Inhalte externer Links. F\u00fcr den Inhalt der verlinkten Seiten sind ausschlie\u00dflich deren Betreiber verantwortlich.<\/p>\n<p>Copyright\u00a9 2020 DG Consult Gesellschaft f\u00fcr deutsch-georgische Zusammenarbeit mbH. Alle Rechte vorbehalten.<\/p>\n<p>Dokumente, Grafiken, Software und Quelltexte, die Bestandteile dieser Website darstellen und von diesem Server heruntergeladen werden k\u00f6nnen, sind urheberrechtlich f\u00fcr die DG Consult gesch\u00fctzt. Sofern nicht anders vermerkt, bed\u00fcrfen die Verwendung, Reproduktion und Weitergabe dieser Dokumente, Grafiken und Software der schriftlichen Genehmigung der DG Consult.<\/p>\n<p>Documents, images, software and source code that represent a part of this website and can be downloaded from this server are under copyright by DG Consult. If not stated differently, usage, reproduction or passing on of these documents, images and software is not allowed without prior written permission of DG Consult.[\/vc_column_text][\/vc_column][\/vc_row]<\/p>\n","protected":false},"excerpt":{"rendered":"<p>[vc_row][vc_column][vc_column_text]DG Consult Gesellschaft f\u00fcr deutsch-georgische Zusammenarbeit mbH Gesch\u00e4ftsf\u00fchrerinnen: Ina Odermatt und Nino Nasidze Telefon +49 2233 3765 0 E-Mail: info@dg-consult.net [&hellip;]<\/p>\n","protected":false},"author":1,"featured_media":0,"parent":0,"menu_order":0,"comment_status":"closed","ping_status":"closed","template":"","meta":{"footnotes":""},"class_list":["post-7729","page","type-page","status-publish","hentry"],"_links":{"self":[{"href":"https:\/\/dg-consult.net\/ka\/wp-json\/wp\/v2\/pages\/7729","targetHints":{"allow":["GET"]}}],"collection":[{"href":"https:\/\/dg-consult.net\/ka\/wp-json\/wp\/v2\/pages"}],"about":[{"href":"https:\/\/dg-consult.net\/ka\/wp-json\/wp\/v2\/types\/page"}],"author":[{"embeddable":true,"href":"https:\/\/dg-consult.net\/ka\/wp-json\/wp\/v2\/users\/1"}],"replies":[{"embeddable":true,"href":"https:\/\/dg-consult.net\/ka\/wp-json\/wp\/v2\/comments?post=7729"}],"version-history":[{"count":7,"href":"https:\/\/dg-consult.net\/ka\/wp-json\/wp\/v2\/pages\/7729\/revisions"}],"predecessor-version":[{"id":7968,"href":"https:\/\/dg-consult.net\/ka\/wp-json\/wp\/v2\/pages\/7729\/revisions\/7968"}],"wp:attachment":[{"href":"https:\/\/dg-consult.net\/ka\/wp-json\/wp\/v2\/media?parent=7729"}],"curies":[{"name":"wp","href":"https:\/\/api.w.org\/{rel}","templated":true}]}}